{"id":1960,"date":"2025-10-23T10:26:24","date_gmt":"2025-10-23T09:26:24","guid":{"rendered":"https:\/\/yrkesmessenaskoy.no\/?page_id=1960"},"modified":"2025-11-08T19:02:41","modified_gmt":"2025-11-08T18:02:41","slug":"pamelding","status":"publish","type":"page","link":"https:\/\/yrkesmessenaskoy.no\/cms\/pamelding\/","title":{"rendered":"P\u00e5melding Yrkesmessen 2026"},"content":{"rendered":"<div class=\"wpb-content-wrapper\"><p>[vc_row padding_top_multiplier=&raquo;3x&raquo; padding_bottom_multiplier=&raquo;3x&raquo; rc_heading_color=&raquo;white&raquo; rc_link_color=&raquo;light-grey&raquo; rc_bg_type=&raquo;color&raquo; rc_bg_color=&raquo;#4D2B39&#8243; rc_font_color=&raquo;#DFE0CE&raquo;][vc_column width=&raquo;1\/2&#8243; rc_heading_color=&raquo;white&raquo; rc_font_color=&raquo;#DFE0CE&raquo;]<h3 class=\"grve-element grve-title grve-align-inherit grve-h5 grve-text-primary-5\"><span>Yrkesmessen 2026<\/span><\/h3><h3 class=\"grve-element grve-title grve-align-inherit grve-h2 grve-text-primary-5\"><span>P\u00e5melding og annonsering<\/span><\/h3>[vc_column_text css=&raquo;&raquo;]Alle utstillere f\u00e5r tilgang til str\u00f8m og internett. Det blir satt ut et stort bord og to stoler p\u00e5 hver stand. Andre \u00f8nsker, ta kontakt. Hver stand har ett str\u00f8muttak. Velkommen!<\/p>\n<p>Ta kontakt med post@yrkesmessenaskoy.no , for sp\u00f8rsm\u00e5l.<\/p>\n<p>Frist for p\u00e5melding ut november 2025[\/vc_column_text]<div class=\"grve-empty-space grve-height-1x\"><\/div><div class=\"grve-element grve-button-group grve-align-inherit grve-space-30\" id=\"el-1761595769034-f9e0ff25-1569\">\r\n<div class=\"grve-element grve-align-inherit\"><a href=\"#reg\" class=\"grve-btn grve-round grve-bg-primary-6 grve-border-primary-6 grve-bg-hover-gradient-1 grve-text-white grve-text-hover-white grve-btn-gradient grve-btn-large\">\r\n\t\t<span>P\u00e5melding<\/span>\r\n\t\t\t\t\t\t\t<\/a><\/div><div class=\"grve-element grve-align-inherit\"><a href=\"#priser\" class=\"grve-btn grve-round grve-bg-primary-4 grve-border-primary-4 grve-bg-hover-gradient-2 grve-text-white grve-text-hover-white grve-btn-gradient grve-btn-large\">\r\n\t\t<span>Priser<\/span>\r\n\t\t\t\t\t\t\t<\/a><\/div><div class=\"grve-element grve-align-inherit\"><a href=\"#veiledning\" class=\"grve-btn grve-round grve-bg-primary-2 grve-border-primary-2 grve-bg-hover-gradient-1 grve-text-white grve-text-hover-white grve-btn-gradient grve-btn-large\">\r\n\t\t<span>Formater<\/span>\r\n\t\t\t\t\t\t\t<\/a><\/div><\/div>\r\n[\/vc_column][vc_column width=&raquo;1\/2&#8243;]<div class=\"grve-element grve-image grve-align-center\">\r\n\t<div class=\"grve-image-item\">\r\n\t\t\r\n\r\n<div class=\"grve-image-wrapper grve-no-effect\">\r\n\t\t<div class=\"grve-thumbnail-wrapper\"  style=\"width: 560px;\"><div class=\"grve-thumbnail\"  style=\"padding-top: 75%;\"><img loading=\"lazy\" decoding=\"async\" width=\"560\" height=\"420\" src=\"https:\/\/yrkesmessenaskoy.no\/cms\/wp-content\/uploads\/2025\/01\/09-DSC_0303-560x420.jpg\" class=\"attachment-impeka-grve-small-rect-horizontal size-impeka-grve-small-rect-horizontal\" alt=\"\" data-column-space=\"auto\" data-lazyload=\"\" data-grve-filter=\"yes\" srcset=\"https:\/\/yrkesmessenaskoy.no\/cms\/wp-content\/uploads\/2025\/01\/09-DSC_0303-560x420.jpg 560w, https:\/\/yrkesmessenaskoy.no\/cms\/wp-content\/uploads\/2025\/01\/09-DSC_0303-900x675.jpg 900w\" sizes=\"auto, (max-width: 560px) 100vw, 560px\" \/><\/div><\/div>\t<\/div>\r\n\t<\/div>\r\n<\/div>\r\n[\/vc_column][\/vc_row][vc_row padding_top_multiplier=&raquo;3x&raquo; padding_bottom_multiplier=&raquo;3x&raquo; rc_bg_type=&raquo;color&raquo; equal_column_height=&raquo;equal&raquo; rc_bg_color=&raquo;#DFE0CE&raquo; section_id=&raquo;priser&raquo;][vc_column][vc_row_inner equal_column_height=&raquo;equal&raquo;][vc_column_inner width=&raquo;1\/3&#8243;]<div class=\"grve-element grve-box-icon grve-medium grve-side-icon grve-align-left grve-vertical-align-middle grve-layout-1\" style=\"margin-bottom: 30px;\"><div class=\"grve-box-title-wrapper\"><div class=\"grve-wrapper-icon grve-with-shape grve-circle grve-simple grve-bg-primary-1\" style=\"\"><span class=\"grve-box-icon grve-text-white\"><span>1<\/span><\/span><\/div><h3 class=\"grve-box-title grve-h4\">Stor annonse<\/h3><\/div><div class=\"grve-box-content\"><p class=\"grve-leader-text grve-text-primary-1\">Pris: 10.500,-<\/p><\/div><\/div><div class=\"grve-element grve-box-icon grve-small grve-side-icon grve-align-left grve-vertical-align-middle grve-layout-1\" style=\"margin-bottom: 20px;\"><div class=\"grve-box-title-wrapper\"><div class=\"grve-wrapper-icon\" style=\"\"><span class=\"grve-box-icon fa fa-solid fa-check grve-text-primary-1\"><\/span><\/div><h3 class=\"grve-box-title grve-body-text\">Annonseplass<\/h3><\/div><div class=\"grve-box-content\"><p class=\"\">&#8211; H\u00f8yt p\u00e5 forsiden<br \/>\n&#8211; Utdanningsprogram<br \/>\n&#8211; Enkeltsider for utdanning<br \/>\n&#8211; Skole oversikt<\/p><\/div><\/div><div class=\"grve-element grve-box-icon grve-small grve-side-icon grve-align-left grve-vertical-align-middle grve-layout-1\" style=\"margin-bottom: 20px;\"><div class=\"grve-box-title-wrapper\"><div class=\"grve-wrapper-icon\" style=\"\"><span class=\"grve-box-icon fa fa-solid fa-check grve-text-primary-1\"><\/span><\/div><h3 class=\"grve-box-title grve-body-text\">Profilering<\/h3><\/div><div class=\"grve-box-content\"><p class=\"\">&#8211; Logo karusell p\u00e5 forside<br \/>\n&#8211; Fullskjerm visning p\u00e5 messen<br \/>\n&#8211; Full profilering p\u00e5 bidragsyter oversikt<\/p><\/div><\/div>[\/vc_column_inner][vc_column_inner width=&raquo;1\/3&#8243;]<div class=\"grve-element grve-box-icon grve-medium grve-side-icon grve-align-left grve-vertical-align-middle grve-layout-1\" style=\"margin-bottom: 30px;\"><div class=\"grve-box-title-wrapper\"><div class=\"grve-wrapper-icon grve-with-shape grve-circle grve-simple grve-bg-primary-1\" style=\"\"><span class=\"grve-box-icon grve-text-white\"><span>2<\/span><\/span><\/div><h3 class=\"grve-box-title grve-h4\">Medium annonse<\/h3><\/div><div class=\"grve-box-content\"><p class=\"grve-leader-text grve-text-primary-1\">Pris: 6.500,-<\/p><\/div><\/div><div class=\"grve-element grve-box-icon grve-small grve-side-icon grve-align-left grve-vertical-align-middle grve-layout-1\" style=\"margin-bottom: 20px;\"><div class=\"grve-box-title-wrapper\"><div class=\"grve-wrapper-icon\" style=\"\"><span class=\"grve-box-icon fa fa-solid fa-check grve-text-primary-1\"><\/span><\/div><h3 class=\"grve-box-title grve-body-text\">Annonseplass<\/h3><\/div><div class=\"grve-box-content\"><p class=\"\">&#8211; Forside<br \/>\n&#8211; Utdanningsprogram<br \/>\n&#8211; Enkeltsider for utdanning<br \/>\n&#8211; Skole oversikt<\/p><\/div><\/div><div class=\"grve-element grve-box-icon grve-small grve-side-icon grve-align-left grve-vertical-align-middle grve-layout-1\" style=\"margin-bottom: 20px;\"><div class=\"grve-box-title-wrapper\"><div class=\"grve-wrapper-icon\" style=\"\"><span class=\"grve-box-icon fa fa-solid fa-check grve-text-primary-1\"><\/span><\/div><h3 class=\"grve-box-title grve-body-text\">Profilering<\/h3><\/div><div class=\"grve-box-content\"><p class=\"\">&#8211; Stor logo p\u00e5 messeskjerm &#8211; 1\/4<br \/>\n&#8211; Logo p\u00e5 bidragsyter oversikt<\/p><\/div><\/div>[\/vc_column_inner][vc_column_inner width=&raquo;1\/3&#8243;]<div class=\"grve-element grve-box-icon grve-medium grve-side-icon grve-align-left grve-vertical-align-middle grve-layout-1\" style=\"margin-bottom: 30px;\"><div class=\"grve-box-title-wrapper\"><div class=\"grve-wrapper-icon grve-with-shape grve-circle grve-simple grve-bg-primary-1\" style=\"\"><span class=\"grve-box-icon grve-text-white\"><span>3<\/span><\/span><\/div><h3 class=\"grve-box-title grve-h4\">Liten annonse<\/h3><\/div><div class=\"grve-box-content\"><p class=\"grve-leader-text grve-text-primary-1\">Pris: 3000,-<\/p><\/div><\/div><div class=\"grve-element grve-box-icon grve-small grve-side-icon grve-align-left grve-vertical-align-middle grve-layout-1\" style=\"margin-bottom: 20px;\"><div class=\"grve-box-title-wrapper\"><div class=\"grve-wrapper-icon\" style=\"\"><span class=\"grve-box-icon fa fa-solid fa-check grve-text-primary-1\"><\/span><\/div><h3 class=\"grve-box-title grve-body-text\">Annonseplass<\/h3><\/div><div class=\"grve-box-content\"><p class=\"\">&#8211; Nede p\u00e5 forside<br \/>\n&#8211; Utdanningsprogram<br \/>\n&#8211; Enkeltsider for utdanning<br \/>\n&#8211; Skole oversikt<\/p><\/div><\/div><div class=\"grve-element grve-box-icon grve-small grve-side-icon grve-align-left grve-vertical-align-middle grve-layout-1\" style=\"margin-bottom: 20px;\"><div class=\"grve-box-title-wrapper\"><div class=\"grve-wrapper-icon\" style=\"\"><span class=\"grve-box-icon fa fa-solid fa-check grve-text-primary-1\"><\/span><\/div><h3 class=\"grve-box-title grve-body-text\">Profilering<\/h3><\/div><div class=\"grve-box-content\"><p class=\"\">&#8211; Logosamling p\u00e5 messeskjerm<br \/>\n&#8211; Logosamling p\u00e5 bidragsyter oversikt<\/p><\/div><\/div>[\/vc_column_inner][\/vc_row_inner]<div class=\"grve-empty-space grve-height-3x\"><\/div>[vc_row_inner equal_column_height=&raquo;equal&raquo;][vc_column_inner width=&raquo;1\/3&#8243;]<div class=\"grve-element grve-box-icon grve-medium grve-side-icon grve-align-left grve-vertical-align-middle grve-layout-1\" style=\"margin-bottom: 30px;\"><div class=\"grve-box-title-wrapper\"><div class=\"grve-wrapper-icon\" style=\"\"><span class=\"grve-box-icon fa fa-solid fa-display grve-text-primary-1\"><\/span><\/div><h3 class=\"grve-box-title grve-h4\">Fullskjerm<\/h3><\/div><div class=\"grve-box-content\"><p class=\"grve-leader-text grve-text-primary-1\">Pris: 4.500,-<\/p><\/div><\/div><div class=\"grve-element grve-box-icon grve-small grve-side-icon grve-align-left grve-vertical-align-middle grve-layout-1\" style=\"margin-bottom: 20px;\"><div class=\"grve-box-title-wrapper\"><div class=\"grve-wrapper-icon\" style=\"\"><span class=\"grve-box-icon fa fa-solid fa-check grve-text-primary-1\"><\/span><\/div><h3 class=\"grve-box-title grve-body-text\">Inkludert<\/h3><\/div><div class=\"grve-box-content\"><p class=\"\">&#8211; H\u00f8y profilering \u00f8verst p\u00e5 forsiden<br \/>\n&#8211; Kombineres med Stor annonse<\/p><\/div><\/div>[\/vc_column_inner][vc_column_inner width=&raquo;1\/3&#8243;]<div class=\"grve-element grve-box-icon grve-medium grve-side-icon grve-align-left grve-vertical-align-middle grve-layout-1\" style=\"margin-bottom: 30px;\"><div class=\"grve-box-title-wrapper\"><div class=\"grve-wrapper-icon\" style=\"\"><span class=\"grve-box-icon fa fa-solid fa-people-robbery grve-text-primary-1\"><\/span><\/div><h3 class=\"grve-box-title grve-h4\">Messestand<\/h3><\/div><div class=\"grve-box-content\"><p class=\"grve-leader-text grve-text-primary-1\">Pris: 5000,-<\/p><\/div><\/div><div class=\"grve-element grve-box-icon grve-small grve-side-icon grve-align-left grve-vertical-align-middle grve-layout-1\" style=\"margin-bottom: 20px;\"><div class=\"grve-box-title-wrapper\"><div class=\"grve-wrapper-icon\" style=\"\"><span class=\"grve-box-icon fa fa-solid fa-check grve-text-primary-1\"><\/span><\/div><h3 class=\"grve-box-title grve-body-text\">Inkludert<\/h3><\/div><div class=\"grve-box-content\"><p class=\"\">&#8211; 3 meter messestand<br \/>\n&#8211; Stoler og bord<br \/>\n&#8211; Str\u00f8m og internett<br \/>\n&#8211; Logosamling p\u00e5 bidragsyter oversikt<\/p><\/div><\/div>[\/vc_column_inner][vc_column_inner width=&raquo;1\/3&#8243;][\/vc_column_inner][\/vc_row_inner][\/vc_column][\/vc_row][vc_row padding_top_multiplier=&raquo;3x&raquo; padding_bottom_multiplier=&raquo;3x&raquo; disable_element=&raquo;yes&raquo; rc_bg_type=&raquo;color&raquo; equal_column_height=&raquo;equal&raquo; rc_bg_color=&raquo;#DFE0CE&raquo; section_id=&raquo;annonsepakker&raquo;][vc_column]<div class=\"grve-element grve-carousel grve-portfolio-carousel\">\r\n\t<div class=\"grve-carousel-wrapper\">\r\n\t\t\t<div class=\"grve-carousel-navigation grve-navigation-arrow-1\">\r\n\t\t<div class=\"grve-carousel-buttons\">\r\n\t\t\t<div class=\"grve-carousel-prev\"><div class=\"grve-svg-icon grve-direction-left grve-arrow-1 grve-svg-black grve-with-shape grve-circle grve-bg-white\">\t\t\t<svg width=\"12px\" height=\"12px\" viewBox=\"0 0 12 12\">\r\n\t\t\t\t<polygon points=\"3.6 0 10 6 3.6 12 2 10.5 6.8 6 2 1.5\"><\/polygon>\r\n\t\t\t<\/svg>\r\n\t\t\t<\/div><\/div>\r\n\t\t\t<div class=\"grve-carousel-next\"><div class=\"grve-svg-icon grve-direction-right grve-arrow-1 grve-svg-black grve-with-shape grve-circle grve-bg-white\">\t\t\t<svg width=\"12px\" height=\"12px\" viewBox=\"0 0 12 12\">\r\n\t\t\t\t<polygon points=\"3.6 0 10 6 3.6 12 2 10.5 6.8 6 2 1.5\"><\/polygon>\r\n\t\t\t<\/svg>\r\n\t\t\t<\/div><\/div>\r\n\t\t<\/div>\r\n\t<\/div>\r\n\t\t<div data-items=\"3\" data-items-tablet-landscape=\"3\" data-items-tablet-portrait=\"3\" data-items-mobile=\"1\" data-slider-autoplay=\"yes\" data-pagination=\"no\" data-slider-loop=\"yes\" data-slider-speed=\"3000\" data-slider-pause=\"no\" data-pagination-speed=\"400\" data-gutter-size=\"30\" class=\"grve-carousel-element grve-gallery-popup grve-with-gap grve-classic-carousel\">\r\n\t\t\t<div class=\"grve-carousel-item post-1976 portfolio type-portfolio status-publish has-post-thumbnail hentry portfolio_category-annonse grve-entry-item\">\r\n\t\t\t\t<div class=\"grve-hover-item grve-hover-style-1\">\r\n\t<div class=\"grve-image-hover grve-media\">\r\n\t\t\t\t<a class=\"grve-item-url\" href=\"https:\/\/yrkesmessenaskoy.no\/cms\/wp-content\/uploads\/2025\/10\/eks_annonse_fullskjerm.png\"><span class=\"screen-reader-text\">Annonse &#8211; Fulskjerm<\/span><\/a>\r\n\t\t\t\t<div class=\"grve-thumbnail-wrapper\"><div class=\"grve-thumbnail\"  style=\"padding-top: 56.25%;\"><img loading=\"lazy\" decoding=\"async\" width=\"768\" height=\"432\" src=\"https:\/\/yrkesmessenaskoy.no\/cms\/wp-content\/uploads\/2025\/10\/eks_annonse_fullskjerm-768x432.png\" class=\"attachment-medium_large size-medium_large\" alt=\"\" data-column-space=\"100\" data-lazyload=\"\" data-grve-filter=\"yes\" srcset=\"https:\/\/yrkesmessenaskoy.no\/cms\/wp-content\/uploads\/2025\/10\/eks_annonse_fullskjerm-768x432.png 768w, https:\/\/yrkesmessenaskoy.no\/cms\/wp-content\/uploads\/2025\/10\/eks_annonse_fullskjerm-300x169.png 300w, https:\/\/yrkesmessenaskoy.no\/cms\/wp-content\/uploads\/2025\/10\/eks_annonse_fullskjerm-1024x576.png 1024w, https:\/\/yrkesmessenaskoy.no\/cms\/wp-content\/uploads\/2025\/10\/eks_annonse_fullskjerm-1536x864.png 1536w, https:\/\/yrkesmessenaskoy.no\/cms\/wp-content\/uploads\/2025\/10\/eks_annonse_fullskjerm-1390x782.png 1390w, https:\/\/yrkesmessenaskoy.no\/cms\/wp-content\/uploads\/2025\/10\/eks_annonse_fullskjerm.png 1920w\" sizes=\"auto, (max-width: 768px) 100vw, 768px\" \/><\/div><\/div>\t\t\t\t<div class=\"grve-bg-black grve-hover-overlay grve-opacity-20\"><\/div>\r\n\t\t\t<\/div>\r\n\t\t<div class=\"grve-content\">\r\n\t\t<div class=\"grve-content-inner\">\r\n\t\t\t\t\t<h3 class=\"grve-title grve-h4 grve-text-default\"><span>Annonse &#8211; Fulskjerm<\/span><\/h3>\r\n\t\t\t\t\t\t\t<div class=\"grve-description grve-text-default\">Fullskjerm annonse \u00f8verst p\u00e5 forsiden<\/div>\r\n\t\t\t\t\t<\/div>\r\n\t<\/div>\r\n\t<\/div>\r\n\t\t\t<\/div>\r\n\r\n\t\t<\/div>\r\n\t<\/div>\r\n<\/div>\r\n[\/vc_column][\/vc_row][vc_row padding_bottom_multiplier=&raquo;2x&raquo; rc_bg_type=&raquo;gradient&raquo; rc_bg_gradient_color_1=&raquo;#DFE0CE&raquo; rc_bg_gradient_color_2=&raquo;#FFFFFF&raquo; rc_bg_gradient_direction=&raquo;180&#8243; equal_column_height=&raquo;equal&raquo; section_id=&raquo;veiledning&raquo;][vc_column]<h3 class=\"grve-element grve-title grve-align-inherit grve-h3 grve-text-primary-1\" style=\"margin-bottom: 30px;\"><span>Annonseveiledning<\/span><\/h3>[vc_column_text css=&raquo;&raquo;]Annonseveiledning for Yrkesmessen Ask\u00f8y<br \/>\nN\u00e5r du skal levere annonsemateriell trenger vi helst<strong> 2 filer<\/strong> fra deg:<\/p>\n<ul>\n<li style=\"list-style-type: none;\">\n<ul>\n<li>Annonsebildet (hovedbildet) \u2013 anbefalt format JPG.<\/li>\n<li>Logo \u2013 anbefalt format PNG eller SVG (jpg er ogs\u00e5 mulig).<\/li>\n<li>Alle annonseformater er i forholdet 4:3<\/li>\n<\/ul>\n<\/li>\n<\/ul>\n<p>[\/vc_column_text]<div class=\"grve-empty-space grve-height-1x\"><\/div>[vc_row_inner][vc_column_inner width=&raquo;1\/2&#8243;]<h3 class=\"grve-element grve-title grve-align-inherit grve-h5\"><span>Fullskjerm annonse<\/span><\/h3>[vc_column_text css=&raquo;&raquo;]St\u00f8rrelse: ca 1600 x 1200 px el. h\u00f8yere<br \/>\nFilformat: JPG<br \/>\nTips: S\u00f8rg for h\u00f8yoppl\u00f8selige bilder med tydelig motiv og tekst som fungerer p\u00e5 b\u00e5de PC og mobil.[\/vc_column_text]<div class=\"grve-empty-space grve-height-1x\"><\/div>[\/vc_column_inner][vc_column_inner width=&raquo;1\/2&#8243;]<h3 class=\"grve-element grve-title grve-align-inherit grve-h5\"><span>Medium annonse<\/span><\/h3>[vc_column_text css=&raquo;&raquo;]St\u00f8rrelse: ca 320&#215;240 px el. h\u00f8yere<br \/>\nFilformat: JPG for bilder, PNG for grafikk\/illustrasjoner<br \/>\nTips: Motiv og tekst b\u00f8r v\u00e6re enkelt og lett \u00e5 lese i liten st\u00f8rrelse.[\/vc_column_text]<div class=\"grve-empty-space grve-height-1x\"><\/div>[\/vc_column_inner][\/vc_row_inner][vc_row_inner][vc_column_inner width=&raquo;1\/2&#8243;]<h3 class=\"grve-element grve-title grve-align-inherit grve-h5\"><span>Stor annonse<\/span><\/h3>[vc_column_text css=&raquo;&raquo;]St\u00f8rrelse: ca 580 x 535 px el. h\u00f8yere<br \/>\nFilformat:JPG for bilder, PNG for grafikk\/illustrasjoner<br \/>\nTips: Unng\u00e5 for mye tekst i bildet \u2014 bruk klare farger og h\u00f8y kontrast.[\/vc_column_text]<div class=\"grve-empty-space grve-height-1x\"><\/div>[\/vc_column_inner][vc_column_inner width=&raquo;1\/2&#8243;]<h3 class=\"grve-element grve-title grve-align-inherit grve-h5\"><span>Liten annonse<\/span><\/h3>[vc_column_text css=&raquo;&raquo;]St\u00f8rrelse: ca 200&#215;150 px el. h\u00f8yere<br \/>\nFilformat: JPG<br \/>\nTips: Bruk gjerne et rent, kontrastfylt bilde uten sm\u00e5 detaljer.[\/vc_column_text]<div class=\"grve-empty-space grve-height-1x\"><\/div>[\/vc_column_inner][\/vc_row_inner][vc_row_inner][vc_column_inner]<h3 class=\"grve-element grve-title grve-align-inherit grve-h5\"><span>Logo<\/span><\/h3>[vc_column_text css=&raquo;&raquo;]Anbefalt format: PNG eller SVG, evt JPG<br \/>\nTips: PNG og SVG gir best resultat for grafiske logoer. JPG kan brukes dersom logoen er en del av et bilde. Gjennomsiktig bakgrunn anbefales for PNG. Logoen b\u00f8r v\u00e6re tydelig og lesbar i liten st\u00f8rrelse.[\/vc_column_text][\/vc_column_inner][\/vc_row_inner][\/vc_column][\/vc_row][vc_row padding_bottom_multiplier=&raquo;3x&raquo; section_id=&raquo;reg&raquo;][vc_column][vc_raw_html css=&raquo;&raquo;]JTNDaWZyYW1lJTIwJTBBJTIwJTIwc3JjJTNEJTIyaHR0cHMlM0ElMkYlMkZ5cmtlc21lc3NlbmFza295Lm5vJTJGMjAyNiUyRnBhbWVsZGluZ3Nza2plbWElMkYlMjIlMjAlMEElMjAlMjB3aWR0aCUzRCUyMjEwMCUyNSUyMiUyMCUwQSUyMCUyMGhlaWdodCUzRCUyMjIwMDAlMjIlMjAlMEElMjAlMjBzdHlsZSUzRCUyMmJvcmRlciUzQW5vbmUlM0IlMjBvdmVyZmxvdyUzQWhpZGRlbiUzQiUyMiUzRSUwQSUzQyUyRmlmcmFtZSUzRSUwQQ==[\/vc_raw_html][vc_column_text][\/vc_column_text][\/vc_column][\/vc_row]<\/p>\n<\/div>","protected":false},"excerpt":{"rendered":"<p>[vc_row padding_top_multiplier=&raquo;3x&raquo; padding_bottom_multiplier=&raquo;3x&raquo; rc_heading_color=&raquo;white&raquo; rc_link_color=&raquo;light-grey&raquo; rc_bg_type=&raquo;color&raquo; rc_bg_color=&raquo;#4D2B39&#8243; rc_font_color=&raquo;#DFE0CE&raquo;][vc_column width=&raquo;1\/2&#8243; rc_heading_color=&raquo;white&raquo; rc_font_color=&raquo;#DFE0CE&raquo;][vc_column_text css=&raquo;&raquo;]Alle utstillere f\u00e5r tilgang til str\u00f8m og internett. Det blir satt ut et stort bord og to stoler p\u00e5 hver stand. Andre \u00f8nsker, ta kontakt. Hver stand har ett str\u00f8muttak. Velkommen! Ta kontakt med post@yrkesmessenaskoy.no , for sp\u00f8rsm\u00e5l. Frist for p\u00e5melding ut november 2025[\/vc_column_text][\/vc_column][vc_column [&hellip;]<\/p>\n","protected":false},"author":2,"featured_media":0,"parent":0,"menu_order":0,"comment_status":"closed","ping_status":"closed","template":"","meta":{"_acf_changed":false,"footnotes":""},"class_list":["post-1960","page","type-page","status-publish","hentry","grve-entry-item"],"acf":[],"_links":{"self":[{"href":"https:\/\/yrkesmessenaskoy.no\/cms\/wp-json\/wp\/v2\/pages\/1960","targetHints":{"allow":["GET"]}}],"collection":[{"href":"https:\/\/yrkesmessenaskoy.no\/cms\/wp-json\/wp\/v2\/pages"}],"about":[{"href":"https:\/\/yrkesmessenaskoy.no\/cms\/wp-json\/wp\/v2\/types\/page"}],"author":[{"embeddable":true,"href":"https:\/\/yrkesmessenaskoy.no\/cms\/wp-json\/wp\/v2\/users\/2"}],"replies":[{"embeddable":true,"href":"https:\/\/yrkesmessenaskoy.no\/cms\/wp-json\/wp\/v2\/comments?post=1960"}],"version-history":[{"count":33,"href":"https:\/\/yrkesmessenaskoy.no\/cms\/wp-json\/wp\/v2\/pages\/1960\/revisions"}],"predecessor-version":[{"id":2007,"href":"https:\/\/yrkesmessenaskoy.no\/cms\/wp-json\/wp\/v2\/pages\/1960\/revisions\/2007"}],"wp:attachment":[{"href":"https:\/\/yrkesmessenaskoy.no\/cms\/wp-json\/wp\/v2\/media?parent=1960"}],"curies":[{"name":"wp","href":"https:\/\/api.w.org\/{rel}","templated":true}]}}